{"id":3148,"date":"2022-02-17T23:50:14","date_gmt":"2022-02-17T21:50:14","guid":{"rendered":"https:\/\/tomikroparisi.gr\/?post_type=product&#038;p=3148"},"modified":"2022-02-28T20:11:34","modified_gmt":"2022-02-28T18:11:34","slug":"lancome-idole-%ce%b3%cf%85%ce%bd%ce%b1%ce%b9%ce%ba%ce%b5%ce%b9%ce%bf-%ce%b1%cf%81%cf%89%ce%bc%ce%b1-%cf%84%cf%85%cf%80%ce%bf%cf%85","status":"publish","type":"product","link":"https:\/\/tomikroparisi.gr\/en\/product\/lancome-idole-%ce%b3%cf%85%ce%bd%ce%b1%ce%b9%ce%ba%ce%b5%ce%b9%ce%bf-%ce%b1%cf%81%cf%89%ce%bc%ce%b1-%cf%84%cf%85%cf%80%ce%bf%cf%85\/","title":{"rendered":"Lanc\u00f4me Id\u00f4le-Inspired-(eau de parfum)"},"content":{"rendered":"<p>Introducing Id\u00f4le Lanc\u00f4me-Inspired, the new fragrance that captures the essence of today\u2019s woman. With top notes of pear and bergamot, middle notes of Turkish rose, rose de Mai and Indian jasmine, and base notes of white musk and vanilla, Id\u00f4le-Inspired is a modern musky chypre floral scent that\u2019s perfect for any occasion. So why not treat yourself to something special today? Try Id\u00f4le Lanc\u00f4me-Inspired and see what all the fuss is about.<\/p>\n<p>Choose packages that include 30ml, 50ml and 100ml, at affordable prices!<\/p>\n<h6>Disclaimer<\/h6>\n<h6>The packaging in the picture is illustrative and indicative and does not correspond to the actual product. Our shop has no association with the brands mentioned and does not represent them or distribute their products - we only use the names of the branded fragrances as a reference for our customers looking for familiar scents and notes! We do not claim our products are the original ones. Trademarks and copyrights remain the property of each manufacturer, and we do not intend to infringe on their invaluable brand names in any way.<\/h6>","protected":false},"excerpt":{"rendered":"<h6>Our inspired fragrances are highly concentrated with long-lasting effect. They are only available in our own 30ml, 50ml and 100ml bottles. Standard packaging is not provided.<\/h6>\n<h6 style=\"text-align: center;\">Shipping cost \u20ac3 or free shipping on orders over \u20ac40.<\/h6>\n<h6 style=\"text-align: center;\">Shipping in 1-3 days<\/h6>","protected":false},"featured_media":3501,"template":"","meta":{"_monsterinsights_skip_tracking":false,"_monsterinsights_sitenote_active":false,"_monsterinsights_sitenote_note":"","_monsterinsights_sitenote_category":0},"product_brand":[],"product_cat":[48,50],"product_tag":[220,121,68,148],"class_list":{"0":"post-3148","1":"product","2":"type-product","3":"status-publish","4":"has-post-thumbnail","6":"product_cat-48","7":"product_cat-50","8":"product_tag-idole","9":"product_tag-lancome","10":"product_tag-68","11":"product_tag-148","13":"first","14":"instock","15":"shipping-taxable","16":"purchasable","17":"product-type-variable"},"yoast_head":"<!-- This site is optimized with the Yoast SEO plugin v27.4 - https:\/\/yoast.com\/product\/yoast-seo-wordpress\/ -->\n<title>Lanc\u00f4me Id\u00f4le-type-(eau de parfum) - &Tau;&omicron; &Mu;&iota;&kappa;&rho;\u03cc &Pi;&alpha;&rho;\u03af&sigma;&iota;<\/title>\n<meta name=\"robots\" content=\"index, follow, max-snippet:-1, max-image-preview:large, max-video-preview:-1\" \/>\n<link rel=\"canonical\" href=\"https:\/\/tomikroparisi.gr\/en\/product\/lancome-idole-\u03b3\u03c5\u03bd\u03b1\u03b9\u03ba\u03b5\u03b9\u03bf-\u03b1\u03c1\u03c9\u03bc\u03b1-\u03c4\u03c5\u03c0\u03bf\u03c5\/\" \/>\n<meta property=\"og:locale\" content=\"en_GB\" \/>\n<meta property=\"og:type\" content=\"article\" \/>\n<meta property=\"og:title\" content=\"Lanc\u00f4me Id\u00f4le-type-(eau de parfum) - &Tau;&omicron; &Mu;&iota;&kappa;&rho;\u03cc &Pi;&alpha;&rho;\u03af&sigma;&iota;\" \/>\n<meta property=\"og:description\" content=\"\u03a4\u03b1 \u03b1\u03c1\u03ce\u03bc\u03b1\u03c4\u03b1 \u03bc\u03b1\u03c2 \u03b5\u03af\u03bd\u03b1\u03b9 \u03c4\u03cd\u03c0\u03bf\u03c5 \u03ae \u03c7\u03cd\u03bc\u03b1: \u03c5\u03c8\u03b7\u03bb\u03ae\u03c2 \u03c0\u03b5\u03c1\u03b9\u03b5\u03ba\u03c4\u03b9\u03ba\u03cc\u03c4\u03b7\u03c4\u03b1\u03c2 \u03bc\u03b5 \u03bc\u03b1\u03ba\u03c1\u03ac \u03b4\u03b9\u03ac\u03c1\u03ba\u03b5\u03b9\u03b1. \u0395\u03af\u03bd\u03b1\u03b9 \u03b4\u03b9\u03b1\u03b8\u03ad\u03c3\u03b9\u03bc\u03b1 \u03bc\u03cc\u03bd\u03bf \u03c3\u03b5 \u03b4\u03b9\u03ba\u03ac \u03bc\u03b1\u03c2 \u03bc\u03c0\u03bf\u03c5\u03ba\u03ac\u03bb\u03b9\u03b1 \u03c4\u03c9\u03bd 30ml, 50ml \u03ba\u03b1\u03b9 100ml. \u03a4\u03c5\u03c0\u03bf\u03c0\u03bf\u03b9\u03b7\u03bc\u03ad\u03bd\u03b5\u03c2 \u03c3\u03c5\u03c3\u03ba\u03b5\u03c5\u03b1\u03c3\u03af\u03b5\u03c2 \u03b4\u03b5\u03bd \u03b4\u03b9\u03b1\u03c4\u03af\u03b8\u03b5\u03bd\u03c4\u03b1\u03b9. \u039a\u03cc\u03c3\u03c4\u03bf\u03c2 \u03b1\u03c0\u03bf\u03c3\u03c4\u03bf\u03bb\u03ae\u03c2 \u20ac3 \u03ae \u03b4\u03c9\u03c1\u03b5\u03ac\u03bd \u03b1\u03c0\u03bf\u03c3\u03c4\u03bf\u03bb\u03ae \u03c3\u03b5 \u03b1\u03b3\u03bf\u03c1\u03ad\u03c2 \u03ac\u03bd\u03c9 \u03c4\u03c9\u03bd \u20ac40. \u0391\u03c0\u03bf\u03c3\u03c4\u03bf\u03bb\u03ae \u03c3\u03b5 1-3 \u03bc\u03ad\u03c1\u03b5\u03c2\" \/>\n<meta property=\"og:url\" content=\"https:\/\/tomikroparisi.gr\/en\/product\/lancome-idole-\u03b3\u03c5\u03bd\u03b1\u03b9\u03ba\u03b5\u03b9\u03bf-\u03b1\u03c1\u03c9\u03bc\u03b1-\u03c4\u03c5\u03c0\u03bf\u03c5\/\" \/>\n<meta property=\"og:site_name\" content=\"&Tau;&omicron; &Mu;&iota;&kappa;&rho;\u03cc &Pi;&alpha;&rho;\u03af&sigma;&iota;\" \/>\n<meta property=\"article:modified_time\" content=\"2022-02-28T18:11:34+00:00\" \/>\n<meta property=\"og:image\" content=\"https:\/\/tomikroparisi.gr\/wp-content\/uploads\/2022\/02\/Lancome-Idole.jpg\" \/>\n\t<meta property=\"og:image:width\" content=\"1920\" \/>\n\t<meta property=\"og:image:height\" content=\"1284\" \/>\n\t<meta property=\"og:image:type\" content=\"image\/jpeg\" \/>\n<meta name=\"twitter:card\" content=\"summary_large_image\" \/>\n<meta name=\"twitter:label1\" content=\"Estimated reading time\" \/>\n\t<meta name=\"twitter:data1\" content=\"1 minute\" \/>\n<script type=\"application\/ld+json\" class=\"yoast-schema-graph\">{\"@context\":\"https:\\\/\\\/schema.org\",\"@graph\":[{\"@type\":\"WebPage\",\"@id\":\"https:\\\/\\\/tomikroparisi.gr\\\/product\\\/lancome-idole-%ce%b3%cf%85%ce%bd%ce%b1%ce%b9%ce%ba%ce%b5%ce%b9%ce%bf-%ce%b1%cf%81%cf%89%ce%bc%ce%b1-%cf%84%cf%85%cf%80%ce%bf%cf%85\\\/\",\"url\":\"https:\\\/\\\/tomikroparisi.gr\\\/product\\\/lancome-idole-%ce%b3%cf%85%ce%bd%ce%b1%ce%b9%ce%ba%ce%b5%ce%b9%ce%bf-%ce%b1%cf%81%cf%89%ce%bc%ce%b1-%cf%84%cf%85%cf%80%ce%bf%cf%85\\\/\",\"name\":\"Lanc\u00f4me Id\u00f4le-type-(eau de parfum) - &Tau;&omicron; &Mu;&iota;&kappa;&rho;\u03cc &Pi;&alpha;&rho;\u03af&sigma;&iota;\",\"isPartOf\":{\"@id\":\"https:\\\/\\\/tomikroparisi.gr\\\/#website\"},\"primaryImageOfPage\":{\"@id\":\"https:\\\/\\\/tomikroparisi.gr\\\/product\\\/lancome-idole-%ce%b3%cf%85%ce%bd%ce%b1%ce%b9%ce%ba%ce%b5%ce%b9%ce%bf-%ce%b1%cf%81%cf%89%ce%bc%ce%b1-%cf%84%cf%85%cf%80%ce%bf%cf%85\\\/#primaryimage\"},\"image\":{\"@id\":\"https:\\\/\\\/tomikroparisi.gr\\\/product\\\/lancome-idole-%ce%b3%cf%85%ce%bd%ce%b1%ce%b9%ce%ba%ce%b5%ce%b9%ce%bf-%ce%b1%cf%81%cf%89%ce%bc%ce%b1-%cf%84%cf%85%cf%80%ce%bf%cf%85\\\/#primaryimage\"},\"thumbnailUrl\":\"https:\\\/\\\/tomikroparisi.gr\\\/wp-content\\\/uploads\\\/2022\\\/02\\\/Lancome-Idole.jpg\",\"datePublished\":\"2022-02-17T21:50:14+00:00\",\"dateModified\":\"2022-02-28T18:11:34+00:00\",\"breadcrumb\":{\"@id\":\"https:\\\/\\\/tomikroparisi.gr\\\/product\\\/lancome-idole-%ce%b3%cf%85%ce%bd%ce%b1%ce%b9%ce%ba%ce%b5%ce%b9%ce%bf-%ce%b1%cf%81%cf%89%ce%bc%ce%b1-%cf%84%cf%85%cf%80%ce%bf%cf%85\\\/#breadcrumb\"},\"inLanguage\":\"en-GB\",\"potentialAction\":[{\"@type\":\"ReadAction\",\"target\":[\"https:\\\/\\\/tomikroparisi.gr\\\/product\\\/lancome-idole-%ce%b3%cf%85%ce%bd%ce%b1%ce%b9%ce%ba%ce%b5%ce%b9%ce%bf-%ce%b1%cf%81%cf%89%ce%bc%ce%b1-%cf%84%cf%85%cf%80%ce%bf%cf%85\\\/\"]}]},{\"@type\":\"ImageObject\",\"inLanguage\":\"en-GB\",\"@id\":\"https:\\\/\\\/tomikroparisi.gr\\\/product\\\/lancome-idole-%ce%b3%cf%85%ce%bd%ce%b1%ce%b9%ce%ba%ce%b5%ce%b9%ce%bf-%ce%b1%cf%81%cf%89%ce%bc%ce%b1-%cf%84%cf%85%cf%80%ce%bf%cf%85\\\/#primaryimage\",\"url\":\"https:\\\/\\\/tomikroparisi.gr\\\/wp-content\\\/uploads\\\/2022\\\/02\\\/Lancome-Idole.jpg\",\"contentUrl\":\"https:\\\/\\\/tomikroparisi.gr\\\/wp-content\\\/uploads\\\/2022\\\/02\\\/Lancome-Idole.jpg\",\"width\":1920,\"height\":1284},{\"@type\":\"BreadcrumbList\",\"@id\":\"https:\\\/\\\/tomikroparisi.gr\\\/product\\\/lancome-idole-%ce%b3%cf%85%ce%bd%ce%b1%ce%b9%ce%ba%ce%b5%ce%b9%ce%bf-%ce%b1%cf%81%cf%89%ce%bc%ce%b1-%cf%84%cf%85%cf%80%ce%bf%cf%85\\\/#breadcrumb\",\"itemListElement\":[{\"@type\":\"ListItem\",\"position\":1,\"name\":\"Home\",\"item\":\"https:\\\/\\\/tomikroparisi.gr\\\/\"},{\"@type\":\"ListItem\",\"position\":2,\"name\":\"\u039a\u03b1\u03c4\u03ac\u03c3\u03c4\u03b7\u03bc\u03b1\",\"item\":\"https:\\\/\\\/tomikroparisi.gr\\\/shop\\\/\"},{\"@type\":\"ListItem\",\"position\":3,\"name\":\"Lanc\u00f4me Id\u00f4le-type-(eau de parfum)\"}]},{\"@type\":\"WebSite\",\"@id\":\"https:\\\/\\\/tomikroparisi.gr\\\/#website\",\"url\":\"https:\\\/\\\/tomikroparisi.gr\\\/\",\"name\":\"&Tau;&omicron; &Mu;&iota;&kappa;&rho;\u03cc &Pi;&alpha;&rho;\u03af&sigma;&iota;\",\"description\":\"\",\"publisher\":{\"@id\":\"https:\\\/\\\/tomikroparisi.gr\\\/#organization\"},\"potentialAction\":[{\"@type\":\"SearchAction\",\"target\":{\"@type\":\"EntryPoint\",\"urlTemplate\":\"https:\\\/\\\/tomikroparisi.gr\\\/?s={search_term_string}\"},\"query-input\":{\"@type\":\"PropertyValueSpecification\",\"valueRequired\":true,\"valueName\":\"search_term_string\"}}],\"inLanguage\":\"en-GB\"},{\"@type\":\"Organization\",\"@id\":\"https:\\\/\\\/tomikroparisi.gr\\\/#organization\",\"name\":\"&Tau;&omicron; &Mu;&iota;&kappa;&rho;\u03cc &Pi;&alpha;&rho;\u03af&sigma;&iota;\",\"url\":\"https:\\\/\\\/tomikroparisi.gr\\\/\",\"logo\":{\"@type\":\"ImageObject\",\"inLanguage\":\"en-GB\",\"@id\":\"https:\\\/\\\/tomikroparisi.gr\\\/#\\\/schema\\\/logo\\\/image\\\/\",\"url\":\"https:\\\/\\\/tomikroparisi.gr\\\/wp-content\\\/uploads\\\/2022\\\/01\\\/cropped-cropped-\u03c4\u03bf-\u03bc\u03b9\u03ba\u03c1\u03bf-\u03c0\u03b1\u03c1\u03af\u03c3\u03b9-\u03b1\u03c1\u03c9\u03bc\u03b1\u03c4\u03bf\u03c0\u03c9\u03bb\u03b5\u03b9\u03bf..jpg\",\"contentUrl\":\"https:\\\/\\\/tomikroparisi.gr\\\/wp-content\\\/uploads\\\/2022\\\/01\\\/cropped-cropped-\u03c4\u03bf-\u03bc\u03b9\u03ba\u03c1\u03bf-\u03c0\u03b1\u03c1\u03af\u03c3\u03b9-\u03b1\u03c1\u03c9\u03bc\u03b1\u03c4\u03bf\u03c0\u03c9\u03bb\u03b5\u03b9\u03bf..jpg\",\"width\":512,\"height\":438,\"caption\":\"&Tau;&omicron; &Mu;&iota;&kappa;&rho;\u03cc &Pi;&alpha;&rho;\u03af&sigma;&iota;\"},\"image\":{\"@id\":\"https:\\\/\\\/tomikroparisi.gr\\\/#\\\/schema\\\/logo\\\/image\\\/\"}}]}<\/script>\n<!-- \/ Yoast SEO plugin. -->","yoast_head_json":{"title":"Lanc\u00f4me Id\u00f4le-type-(eau de parfum) - &Tau;&omicron; &Mu;&iota;&kappa;&rho;\u03cc &Pi;&alpha;&rho;\u03af&sigma;&iota;","robots":{"index":"index","follow":"follow","max-snippet":"max-snippet:-1","max-image-preview":"max-image-preview:large","max-video-preview":"max-video-preview:-1"},"canonical":"https:\/\/tomikroparisi.gr\/en\/product\/lancome-idole-\u03b3\u03c5\u03bd\u03b1\u03b9\u03ba\u03b5\u03b9\u03bf-\u03b1\u03c1\u03c9\u03bc\u03b1-\u03c4\u03c5\u03c0\u03bf\u03c5\/","og_locale":"en_GB","og_type":"article","og_title":"Lanc\u00f4me Id\u00f4le-type-(eau de parfum) - &Tau;&omicron; &Mu;&iota;&kappa;&rho;\u03cc &Pi;&alpha;&rho;\u03af&sigma;&iota;","og_description":"\u03a4\u03b1 \u03b1\u03c1\u03ce\u03bc\u03b1\u03c4\u03b1 \u03bc\u03b1\u03c2 \u03b5\u03af\u03bd\u03b1\u03b9 \u03c4\u03cd\u03c0\u03bf\u03c5 \u03ae \u03c7\u03cd\u03bc\u03b1: \u03c5\u03c8\u03b7\u03bb\u03ae\u03c2 \u03c0\u03b5\u03c1\u03b9\u03b5\u03ba\u03c4\u03b9\u03ba\u03cc\u03c4\u03b7\u03c4\u03b1\u03c2 \u03bc\u03b5 \u03bc\u03b1\u03ba\u03c1\u03ac \u03b4\u03b9\u03ac\u03c1\u03ba\u03b5\u03b9\u03b1. \u0395\u03af\u03bd\u03b1\u03b9 \u03b4\u03b9\u03b1\u03b8\u03ad\u03c3\u03b9\u03bc\u03b1 \u03bc\u03cc\u03bd\u03bf \u03c3\u03b5 \u03b4\u03b9\u03ba\u03ac \u03bc\u03b1\u03c2 \u03bc\u03c0\u03bf\u03c5\u03ba\u03ac\u03bb\u03b9\u03b1 \u03c4\u03c9\u03bd 30ml, 50ml \u03ba\u03b1\u03b9 100ml. \u03a4\u03c5\u03c0\u03bf\u03c0\u03bf\u03b9\u03b7\u03bc\u03ad\u03bd\u03b5\u03c2 \u03c3\u03c5\u03c3\u03ba\u03b5\u03c5\u03b1\u03c3\u03af\u03b5\u03c2 \u03b4\u03b5\u03bd \u03b4\u03b9\u03b1\u03c4\u03af\u03b8\u03b5\u03bd\u03c4\u03b1\u03b9. \u039a\u03cc\u03c3\u03c4\u03bf\u03c2 \u03b1\u03c0\u03bf\u03c3\u03c4\u03bf\u03bb\u03ae\u03c2 \u20ac3 \u03ae \u03b4\u03c9\u03c1\u03b5\u03ac\u03bd \u03b1\u03c0\u03bf\u03c3\u03c4\u03bf\u03bb\u03ae \u03c3\u03b5 \u03b1\u03b3\u03bf\u03c1\u03ad\u03c2 \u03ac\u03bd\u03c9 \u03c4\u03c9\u03bd \u20ac40. \u0391\u03c0\u03bf\u03c3\u03c4\u03bf\u03bb\u03ae \u03c3\u03b5 1-3 \u03bc\u03ad\u03c1\u03b5\u03c2","og_url":"https:\/\/tomikroparisi.gr\/en\/product\/lancome-idole-\u03b3\u03c5\u03bd\u03b1\u03b9\u03ba\u03b5\u03b9\u03bf-\u03b1\u03c1\u03c9\u03bc\u03b1-\u03c4\u03c5\u03c0\u03bf\u03c5\/","og_site_name":"&Tau;&omicron; &Mu;&iota;&kappa;&rho;\u03cc &Pi;&alpha;&rho;\u03af&sigma;&iota;","article_modified_time":"2022-02-28T18:11:34+00:00","og_image":[{"width":1920,"height":1284,"url":"https:\/\/tomikroparisi.gr\/wp-content\/uploads\/2022\/02\/Lancome-Idole.jpg","type":"image\/jpeg"}],"twitter_card":"summary_large_image","twitter_misc":{"Estimated reading time":"1 minute"},"schema":{"@context":"https:\/\/schema.org","@graph":[{"@type":"WebPage","@id":"https:\/\/tomikroparisi.gr\/product\/lancome-idole-%ce%b3%cf%85%ce%bd%ce%b1%ce%b9%ce%ba%ce%b5%ce%b9%ce%bf-%ce%b1%cf%81%cf%89%ce%bc%ce%b1-%cf%84%cf%85%cf%80%ce%bf%cf%85\/","url":"https:\/\/tomikroparisi.gr\/product\/lancome-idole-%ce%b3%cf%85%ce%bd%ce%b1%ce%b9%ce%ba%ce%b5%ce%b9%ce%bf-%ce%b1%cf%81%cf%89%ce%bc%ce%b1-%cf%84%cf%85%cf%80%ce%bf%cf%85\/","name":"Lanc\u00f4me Id\u00f4le-type-(eau de parfum) - &Tau;&omicron; &Mu;&iota;&kappa;&rho;\u03cc &Pi;&alpha;&rho;\u03af&sigma;&iota;","isPartOf":{"@id":"https:\/\/tomikroparisi.gr\/#website"},"primaryImageOfPage":{"@id":"https:\/\/tomikroparisi.gr\/product\/lancome-idole-%ce%b3%cf%85%ce%bd%ce%b1%ce%b9%ce%ba%ce%b5%ce%b9%ce%bf-%ce%b1%cf%81%cf%89%ce%bc%ce%b1-%cf%84%cf%85%cf%80%ce%bf%cf%85\/#primaryimage"},"image":{"@id":"https:\/\/tomikroparisi.gr\/product\/lancome-idole-%ce%b3%cf%85%ce%bd%ce%b1%ce%b9%ce%ba%ce%b5%ce%b9%ce%bf-%ce%b1%cf%81%cf%89%ce%bc%ce%b1-%cf%84%cf%85%cf%80%ce%bf%cf%85\/#primaryimage"},"thumbnailUrl":"https:\/\/tomikroparisi.gr\/wp-content\/uploads\/2022\/02\/Lancome-Idole.jpg","datePublished":"2022-02-17T21:50:14+00:00","dateModified":"2022-02-28T18:11:34+00:00","breadcrumb":{"@id":"https:\/\/tomikroparisi.gr\/product\/lancome-idole-%ce%b3%cf%85%ce%bd%ce%b1%ce%b9%ce%ba%ce%b5%ce%b9%ce%bf-%ce%b1%cf%81%cf%89%ce%bc%ce%b1-%cf%84%cf%85%cf%80%ce%bf%cf%85\/#breadcrumb"},"inLanguage":"en-GB","potentialAction":[{"@type":"ReadAction","target":["https:\/\/tomikroparisi.gr\/product\/lancome-idole-%ce%b3%cf%85%ce%bd%ce%b1%ce%b9%ce%ba%ce%b5%ce%b9%ce%bf-%ce%b1%cf%81%cf%89%ce%bc%ce%b1-%cf%84%cf%85%cf%80%ce%bf%cf%85\/"]}]},{"@type":"ImageObject","inLanguage":"en-GB","@id":"https:\/\/tomikroparisi.gr\/product\/lancome-idole-%ce%b3%cf%85%ce%bd%ce%b1%ce%b9%ce%ba%ce%b5%ce%b9%ce%bf-%ce%b1%cf%81%cf%89%ce%bc%ce%b1-%cf%84%cf%85%cf%80%ce%bf%cf%85\/#primaryimage","url":"https:\/\/tomikroparisi.gr\/wp-content\/uploads\/2022\/02\/Lancome-Idole.jpg","contentUrl":"https:\/\/tomikroparisi.gr\/wp-content\/uploads\/2022\/02\/Lancome-Idole.jpg","width":1920,"height":1284},{"@type":"BreadcrumbList","@id":"https:\/\/tomikroparisi.gr\/product\/lancome-idole-%ce%b3%cf%85%ce%bd%ce%b1%ce%b9%ce%ba%ce%b5%ce%b9%ce%bf-%ce%b1%cf%81%cf%89%ce%bc%ce%b1-%cf%84%cf%85%cf%80%ce%bf%cf%85\/#breadcrumb","itemListElement":[{"@type":"ListItem","position":1,"name":"Home","item":"https:\/\/tomikroparisi.gr\/"},{"@type":"ListItem","position":2,"name":"\u039a\u03b1\u03c4\u03ac\u03c3\u03c4\u03b7\u03bc\u03b1","item":"https:\/\/tomikroparisi.gr\/shop\/"},{"@type":"ListItem","position":3,"name":"Lanc\u00f4me Id\u00f4le-type-(eau de parfum)"}]},{"@type":"WebSite","@id":"https:\/\/tomikroparisi.gr\/#website","url":"https:\/\/tomikroparisi.gr\/","name":"&Tau;&omicron; &Mu;&iota;&kappa;&rho;\u03cc &Pi;&alpha;&rho;\u03af&sigma;&iota;","description":"","publisher":{"@id":"https:\/\/tomikroparisi.gr\/#organization"},"potentialAction":[{"@type":"SearchAction","target":{"@type":"EntryPoint","urlTemplate":"https:\/\/tomikroparisi.gr\/?s={search_term_string}"},"query-input":{"@type":"PropertyValueSpecification","valueRequired":true,"valueName":"search_term_string"}}],"inLanguage":"en-GB"},{"@type":"Organization","@id":"https:\/\/tomikroparisi.gr\/#organization","name":"&Tau;&omicron; &Mu;&iota;&kappa;&rho;\u03cc &Pi;&alpha;&rho;\u03af&sigma;&iota;","url":"https:\/\/tomikroparisi.gr\/","logo":{"@type":"ImageObject","inLanguage":"en-GB","@id":"https:\/\/tomikroparisi.gr\/#\/schema\/logo\/image\/","url":"https:\/\/tomikroparisi.gr\/wp-content\/uploads\/2022\/01\/cropped-cropped-\u03c4\u03bf-\u03bc\u03b9\u03ba\u03c1\u03bf-\u03c0\u03b1\u03c1\u03af\u03c3\u03b9-\u03b1\u03c1\u03c9\u03bc\u03b1\u03c4\u03bf\u03c0\u03c9\u03bb\u03b5\u03b9\u03bf..jpg","contentUrl":"https:\/\/tomikroparisi.gr\/wp-content\/uploads\/2022\/01\/cropped-cropped-\u03c4\u03bf-\u03bc\u03b9\u03ba\u03c1\u03bf-\u03c0\u03b1\u03c1\u03af\u03c3\u03b9-\u03b1\u03c1\u03c9\u03bc\u03b1\u03c4\u03bf\u03c0\u03c9\u03bb\u03b5\u03b9\u03bf..jpg","width":512,"height":438,"caption":"&Tau;&omicron; &Mu;&iota;&kappa;&rho;\u03cc &Pi;&alpha;&rho;\u03af&sigma;&iota;"},"image":{"@id":"https:\/\/tomikroparisi.gr\/#\/schema\/logo\/image\/"}}]}},"_links":{"self":[{"href":"https:\/\/tomikroparisi.gr\/en\/wp-json\/wp\/v2\/product\/3148","targetHints":{"allow":["GET"]}}],"collection":[{"href":"https:\/\/tomikroparisi.gr\/en\/wp-json\/wp\/v2\/product"}],"about":[{"href":"https:\/\/tomikroparisi.gr\/en\/wp-json\/wp\/v2\/types\/product"}],"wp:featuredmedia":[{"embeddable":true,"href":"https:\/\/tomikroparisi.gr\/en\/wp-json\/wp\/v2\/media\/3501"}],"wp:attachment":[{"href":"https:\/\/tomikroparisi.gr\/en\/wp-json\/wp\/v2\/media?parent=3148"}],"wp:term":[{"taxonomy":"product_brand","embeddable":true,"href":"https:\/\/tomikroparisi.gr\/en\/wp-json\/wp\/v2\/product_brand?post=3148"},{"taxonomy":"product_cat","embeddable":true,"href":"https:\/\/tomikroparisi.gr\/en\/wp-json\/wp\/v2\/product_cat?post=3148"},{"taxonomy":"product_tag","embeddable":true,"href":"https:\/\/tomikroparisi.gr\/en\/wp-json\/wp\/v2\/product_tag?post=3148"}],"curies":[{"name":"wp","href":"https:\/\/api.w.org\/{rel}","templated":true}]}}